{"id":330,"date":"2017-02-23T14:25:09","date_gmt":"2017-02-23T13:25:09","guid":{"rendered":"http:\/\/kuno-knallfrosch.de\/?page_id=330"},"modified":"2022-04-28T15:39:35","modified_gmt":"2022-04-28T13:39:35","slug":"auffuehrungsmaterial","status":"publish","type":"page","link":"http:\/\/www.kuno-knallfrosch.de\/?page_id=330","title":{"rendered":"Auff\u00fchrkram"},"content":{"rendered":"<p><strong>Auff\u00fchrungsmaterialien und Rechte bei unserem Verlag Fidula erh\u00e4ltlich!!<\/strong><\/p>\n<p>Wir unterst\u00fctzen eure \u201eKuno\u201c-Auff\u00fchrung!<\/p>\n<p><img loading=\"lazy\" decoding=\"async\" class=\"alignleft wp-image-337 size-full\" src=\"http:\/\/www.kuno-knallfrosch.de\/wp-content\/uploads\/2017\/02\/kuno_knaller.png\" alt=\"\" width=\"217\" height=\"227\" srcset=\"http:\/\/www.kuno-knallfrosch.de\/wp-content\/uploads\/2017\/02\/kuno_knaller.png 217w, http:\/\/www.kuno-knallfrosch.de\/wp-content\/uploads\/2017\/02\/kuno_knaller-24x24.png 24w, http:\/\/www.kuno-knallfrosch.de\/wp-content\/uploads\/2017\/02\/kuno_knaller-34x36.png 34w, http:\/\/www.kuno-knallfrosch.de\/wp-content\/uploads\/2017\/02\/kuno_knaller-46x48.png 46w\" sizes=\"auto, (max-width: 217px) 100vw, 217px\" \/>Braucht Ihr Textbuch, Noten oder sogar ein &#8222;Big Band Arrangement&#8220; f\u00fcr eine oder mehrere Kuno-Auff\u00fchrungen in Eurer Stadt oder an Eurer Schule?<br \/>\nDazu am Besten noch die tollen Illustrationen aus dem Buch um sie an die Wand zu projizieren?<br \/>\nWollt Ihr auch gerne wissen, wie das mit den Auff\u00fchrungsrechten so l\u00e4uft?<\/p>\n<p>Dann nehmt Kontakt zu unserem Verlag Fidula auf, die beraten Euch gerne.<\/p>\n","protected":false},"excerpt":{"rendered":"<p>Auff\u00fchrungsmaterialien und Rechte bei unserem Verlag Fidula erh\u00e4ltlich!! Wir unterst\u00fctzen eure \u201eKuno\u201c-Auff\u00fchrung! Braucht Ihr Textbuch, Noten oder sogar ein &#8222;Big Band Arrangement&#8220; f\u00fcr eine oder mehrere Kuno-Auff\u00fchrungen in Eurer Stadt oder an Eurer Schule? Dazu am Besten noch die tollen Illustrationen aus dem Buch um sie an die Wand zu projizieren? Wollt Ihr auch gerne &hellip; <a href=\"http:\/\/www.kuno-knallfrosch.de\/?page_id=330\" class=\"more-link\"><span class=\"screen-reader-text\">Auff\u00fchrkram<\/span> weiterlesen <span class=\"meta-nav\">&rarr;<\/span><\/a><\/p>\n","protected":false},"author":1,"featured_media":0,"parent":0,"menu_order":0,"comment_status":"closed","ping_status":"open","template":"","meta":{"footnotes":""},"class_list":["post-330","page","type-page","status-publish","hentry"],"_links":{"self":[{"href":"http:\/\/www.kuno-knallfrosch.de\/index.php?rest_route=\/wp\/v2\/pages\/330","targetHints":{"allow":["GET"]}}],"collection":[{"href":"http:\/\/www.kuno-knallfrosch.de\/index.php?rest_route=\/wp\/v2\/pages"}],"about":[{"href":"http:\/\/www.kuno-knallfrosch.de\/index.php?rest_route=\/wp\/v2\/types\/page"}],"author":[{"embeddable":true,"href":"http:\/\/www.kuno-knallfrosch.de\/index.php?rest_route=\/wp\/v2\/users\/1"}],"replies":[{"embeddable":true,"href":"http:\/\/www.kuno-knallfrosch.de\/index.php?rest_route=%2Fwp%2Fv2%2Fcomments&post=330"}],"version-history":[{"count":13,"href":"http:\/\/www.kuno-knallfrosch.de\/index.php?rest_route=\/wp\/v2\/pages\/330\/revisions"}],"predecessor-version":[{"id":1674,"href":"http:\/\/www.kuno-knallfrosch.de\/index.php?rest_route=\/wp\/v2\/pages\/330\/revisions\/1674"}],"wp:attachment":[{"href":"http:\/\/www.kuno-knallfrosch.de\/index.php?rest_route=%2Fwp%2Fv2%2Fmedia&parent=330"}],"curies":[{"name":"wp","href":"https:\/\/api.w.org\/{rel}","templated":true}]}}