{"id":1678,"date":"2022-04-28T16:09:50","date_gmt":"2022-04-28T14:09:50","guid":{"rendered":"http:\/\/www.kuno-knallfrosch.de\/?page_id=1678"},"modified":"2022-09-28T10:41:12","modified_gmt":"2022-09-28T08:41:12","slug":"die-buecher","status":"publish","type":"page","link":"http:\/\/www.kuno-knallfrosch.de\/?page_id=1678","title":{"rendered":"Die B\u00fccher"},"content":{"rendered":"\n<figure class=\"wp-block-image size-full\"><img loading=\"lazy\" decoding=\"async\" width=\"900\" height=\"598\" src=\"http:\/\/www.kuno-knallfrosch.de\/wp-content\/uploads\/2022\/04\/kuno_1-2.png\" alt=\"\" class=\"wp-image-1684\" srcset=\"http:\/\/www.kuno-knallfrosch.de\/wp-content\/uploads\/2022\/04\/kuno_1-2.png 900w, http:\/\/www.kuno-knallfrosch.de\/wp-content\/uploads\/2022\/04\/kuno_1-2-300x199.png 300w, http:\/\/www.kuno-knallfrosch.de\/wp-content\/uploads\/2022\/04\/kuno_1-2-768x510.png 768w, http:\/\/www.kuno-knallfrosch.de\/wp-content\/uploads\/2022\/04\/kuno_1-2-24x16.png 24w, http:\/\/www.kuno-knallfrosch.de\/wp-content\/uploads\/2022\/04\/kuno_1-2-36x24.png 36w, http:\/\/www.kuno-knallfrosch.de\/wp-content\/uploads\/2022\/04\/kuno_1-2-48x32.png 48w\" sizes=\"auto, (max-width: 900px) 100vw, 900px\" \/><\/figure>\n\n\n\n<p>2014 erschien zun\u00e4chst beim Fischer Verlag das Buch <strong><a href=\"https:\/\/www.fidula.de\/kuno-knallfrosch-buch-und-cd\">KUNO KNALLFROSCH<\/a><\/strong>.<\/p>\n\n\n\n<p>Es erz\u00e4hlt die Geschichte vom Au\u00dfenseiter Kuno auf seinem Weg vom Teich in die Metropole Hamburch.<\/p>\n\n\n\n<p>2020 \u00fcbernahm der auf Schulmusik spezialisierte Fidula Verlag die Rechte am ersten Buch und brachte 2022 gleich Band 2 <strong><a href=\"https:\/\/www.fidula.de\/kuno-knallfroschrockteuropa-buch-cd\">KUNO KNALLFROSCH ROCKT EUROPA<\/a><\/strong> heraus, welches im Februar 2022 beim NDR in Hamburg seine Premiere feierte.<\/p>\n\n\n\n<p>Beide B\u00fccher sind durchg\u00e4ngig farbig illustriert und enthalten eine beiliegende CD, auf der die gesamte Geschichte vorgelesen wird. Und s\u00e4mtliche Lieder sind nat\u00fcrlich auch drauf!<\/p>\n\n\n\n<p>Bestellen k\u00f6nnt Ihr die B\u00fccher direkt bei <strong><a href=\"https:\/\/www.fidula.de\/kuno-knallfroschrockteuropa-buch-cd\">Fidula<\/a><\/strong>, im Buchhandel sowie im Onlinehandel.<\/p>\n","protected":false},"excerpt":{"rendered":"<p>2014 erschien zun\u00e4chst beim Fischer Verlag das Buch KUNO KNALLFROSCH. Es erz\u00e4hlt die Geschichte vom Au\u00dfenseiter Kuno auf seinem Weg vom Teich in die Metropole Hamburch. 2020 \u00fcbernahm der auf Schulmusik spezialisierte Fidula Verlag die Rechte am ersten Buch und brachte 2022 gleich Band 2 KUNO KNALLFROSCH ROCKT EUROPA heraus, welches im Februar 2022 beim &hellip; <a href=\"http:\/\/www.kuno-knallfrosch.de\/?page_id=1678\" class=\"more-link\"><span class=\"screen-reader-text\">Die B\u00fccher<\/span> weiterlesen <span class=\"meta-nav\">&rarr;<\/span><\/a><\/p>\n","protected":false},"author":1,"featured_media":0,"parent":0,"menu_order":0,"comment_status":"closed","ping_status":"closed","template":"","meta":{"footnotes":""},"class_list":["post-1678","page","type-page","status-publish","hentry"],"_links":{"self":[{"href":"http:\/\/www.kuno-knallfrosch.de\/index.php?rest_route=\/wp\/v2\/pages\/1678","targetHints":{"allow":["GET"]}}],"collection":[{"href":"http:\/\/www.kuno-knallfrosch.de\/index.php?rest_route=\/wp\/v2\/pages"}],"about":[{"href":"http:\/\/www.kuno-knallfrosch.de\/index.php?rest_route=\/wp\/v2\/types\/page"}],"author":[{"embeddable":true,"href":"http:\/\/www.kuno-knallfrosch.de\/index.php?rest_route=\/wp\/v2\/users\/1"}],"replies":[{"embeddable":true,"href":"http:\/\/www.kuno-knallfrosch.de\/index.php?rest_route=%2Fwp%2Fv2%2Fcomments&post=1678"}],"version-history":[{"count":10,"href":"http:\/\/www.kuno-knallfrosch.de\/index.php?rest_route=\/wp\/v2\/pages\/1678\/revisions"}],"predecessor-version":[{"id":1709,"href":"http:\/\/www.kuno-knallfrosch.de\/index.php?rest_route=\/wp\/v2\/pages\/1678\/revisions\/1709"}],"wp:attachment":[{"href":"http:\/\/www.kuno-knallfrosch.de\/index.php?rest_route=%2Fwp%2Fv2%2Fmedia&parent=1678"}],"curies":[{"name":"wp","href":"https:\/\/api.w.org\/{rel}","templated":true}]}}